{"id":2467,"date":"2023-07-07T12:01:34","date_gmt":"2023-07-07T15:01:34","guid":{"rendered":"https:\/\/sh.rasystem.com.br\/?post_type=product&#038;p=2467"},"modified":"2024-10-28T08:29:06","modified_gmt":"2024-10-28T11:29:06","slug":"cocada-cuida-bem-zero-acucar-caixa-60g","status":"publish","type":"product","link":"https:\/\/sh.rasystem.com.br\/?product=cocada-cuida-bem-zero-acucar-caixa-60g","title":{"rendered":"Cocada Cuida Bem Zero A\u00e7\u00facar Caixa 60g"},"content":{"rendered":"<p><strong>PESO EMB. &#8211; L\u00cdQUIDO | NETO: 60g COM 3 UNIDADES DE 20g CADA<\/strong><\/p>\n<section id=\"products-tabs\">\n<div id=\"tab-content\" class=\"container\">\n<div class=\"one-column\" data-id=\"characteristics\">\n<p><strong>INGREDIENTES:<\/strong> coco ralado desidratado, leite em p\u00f3 reconstitu\u00eddo, farinha de coco branca, agente de corpo sorbitol e isomalte , espessante goma ar\u00e1bica, conservador sorbato de pot\u00e1ssio e edulcorante natural glicos\u00eddeos de esteviol.<strong> AL\u00c9RGICOS: CONT\u00c9M DERIVADOS DE LEITE. PODE CONTER TRIGO, AVEIA, CENTEIO, CEVADA, AMENDOIM, SOJA, AM\u00caNDOAS, CASTANHA-DE-CAJU E CASTANHA-DO-BRASIL. CONT\u00c9M LACTOSE. CONT\u00c9M GL\u00daTEN. <\/strong><\/p>\n<p><strong>\u00a0<\/strong><\/p>\n<p><strong>Diab\u00e9ticos: cont\u00e9m frutose, lactose e sacarose, naturalmente presentes nas mat\u00e9rias primas utilizadas. Consumir preferencialmente sob orienta\u00e7\u00e3o de nutricionista ou m\u00e9dico. <\/strong><\/p>\n<p><strong>\u00a0<\/strong><\/p>\n<p><strong>Esse produto pode ter efeito laxativo.<\/strong><\/p>\n<div class=\"vtex-flex-layout-0-x-flexRow vtex-flex-layout-0-x-flexRow--pdp-specSection\">\n<section class=\"vtex-store-components-3-x-container ph3 ph5-m ph2-xl mw9 center \">\n<div class=\"flex mt0 mb0 pt0 pb0 justify-start vtex-flex-layout-0-x-flexRowContent vtex-flex-layout-0-x-flexRowContent--pdp-specSection items-stretch w-100\">\n<div class=\"pr0 items-stretch vtex-flex-layout-0-x-stretchChildrenWidth flex\">\n<div class=\"vtex-rich-text-0-x-container vtex-rich-text-0-x-container--pdp-descriptionTitle flex tl items-start justify-start t-body c-on-base\"><\/div>\n<\/div>\n<\/div>\n<\/section>\n<\/div>\n<p>&nbsp;<\/p>\n<p>&nbsp;<\/p>\n<\/div>\n<\/div>\n<\/section>\n<div id=\"gtx-trans\" style=\"position: absolute; left: -14px; top: 43.7031px;\">\n<div class=\"gtx-trans-icon\"><\/div>\n<\/div>\n","protected":false},"excerpt":{"rendered":"<p>PESO EMB. &#8211; L\u00cdQUIDO | NETO: 60g COM 3 UNIDADES DE 20g CADA INGREDIENTES: coco ralado desidratado, leite em p\u00f3 reconstitu\u00eddo, farinha de coco branca, agente de corpo sorbitol e isomalte , espessante goma ar\u00e1bica, conservador sorbato de pot\u00e1ssio e edulcorante natural glicos\u00eddeos de esteviol. AL\u00c9RGICOS: CONT\u00c9M DERIVADOS DE LEITE. PODE CONTER TRIGO, AVEIA, CENTEIO, [&hellip;]<\/p>\n","protected":false},"featured_media":5132,"comment_status":"open","ping_status":"closed","template":"","meta":{"_acf_changed":false,"site-sidebar-layout":"default","site-content-layout":"default","ast-site-content-layout":"default","site-content-style":"default","site-sidebar-style":"default","ast-global-header-display":"","ast-banner-title-visibility":"","ast-main-header-display":"","ast-hfb-above-header-display":"","ast-hfb-below-header-display":"","ast-hfb-mobile-header-display":"","site-post-title":"","ast-breadcrumbs-content":"","ast-featured-img":"","footer-sml-layout":"","theme-transparent-header-meta":"default","adv-header-id-meta":"","stick-header-meta":"","header-above-stick-meta":"","header-main-stick-meta":"","header-below-stick-meta":"","astra-migrate-meta-layouts":"set","ast-page-background-enabled":"default","ast-page-background-meta":{"desktop":{"background-color":"var(--ast-global-color-4)","background-image":"","background-repeat":"repeat","background-position":"center center","background-size":"auto","background-attachment":"scroll","background-type":"","background-media":"","overlay-type":"","overlay-color":"","overlay-gradient":""},"tablet":{"background-color":"","background-image":"","background-repeat":"repeat","background-position":"center center","background-size":"auto","background-attachment":"scroll","background-type":"","background-media":"","overlay-type":"","overlay-color":"","overlay-gradient":""},"mobile":{"background-color":"","background-image":"","background-repeat":"repeat","background-position":"center center","background-size":"auto","background-attachment":"scroll","background-type":"","background-media":"","overlay-type":"","overlay-color":"","overlay-gradient":""}},"ast-content-background-meta":{"desktop":{"background-color":"var(--ast-global-color-5)","background-image":"","background-repeat":"repeat","background-position":"center center","background-size":"auto","background-attachment":"scroll","background-type":"","background-media":"","overlay-type":"","overlay-color":"","overlay-gradient":""},"tablet":{"background-color":"var(--ast-global-color-5)","background-image":"","background-repeat":"repeat","background-position":"center center","background-size":"auto","background-attachment":"scroll","background-type":"","background-media":"","overlay-type":"","overlay-color":"","overlay-gradient":""},"mobile":{"background-color":"var(--ast-global-color-5)","background-image":"","background-repeat":"repeat","background-position":"center center","background-size":"auto","background-attachment":"scroll","background-type":"","background-media":"","overlay-type":"","overlay-color":"","overlay-gradient":""}}},"product_brand":[],"product_cat":[70],"product_tag":[],"class_list":{"0":"post-2467","1":"product","2":"type-product","3":"status-publish","4":"has-post-thumbnail","6":"product_cat-cocada","7":"desktop-align-left","8":"tablet-align-left","9":"mobile-align-left","11":"first","12":"instock","13":"shipping-taxable","14":"product-type-simple"},"acf":[],"_links":{"self":[{"href":"https:\/\/sh.rasystem.com.br\/index.php?rest_route=\/wp\/v2\/product\/2467","targetHints":{"allow":["GET"]}}],"collection":[{"href":"https:\/\/sh.rasystem.com.br\/index.php?rest_route=\/wp\/v2\/product"}],"about":[{"href":"https:\/\/sh.rasystem.com.br\/index.php?rest_route=\/wp\/v2\/types\/product"}],"replies":[{"embeddable":true,"href":"https:\/\/sh.rasystem.com.br\/index.php?rest_route=%2Fwp%2Fv2%2Fcomments&post=2467"}],"wp:featuredmedia":[{"embeddable":true,"href":"https:\/\/sh.rasystem.com.br\/index.php?rest_route=\/wp\/v2\/media\/5132"}],"wp:attachment":[{"href":"https:\/\/sh.rasystem.com.br\/index.php?rest_route=%2Fwp%2Fv2%2Fmedia&parent=2467"}],"wp:term":[{"taxonomy":"product_brand","embeddable":true,"href":"https:\/\/sh.rasystem.com.br\/index.php?rest_route=%2Fwp%2Fv2%2Fproduct_brand&post=2467"},{"taxonomy":"product_cat","embeddable":true,"href":"https:\/\/sh.rasystem.com.br\/index.php?rest_route=%2Fwp%2Fv2%2Fproduct_cat&post=2467"},{"taxonomy":"product_tag","embeddable":true,"href":"https:\/\/sh.rasystem.com.br\/index.php?rest_route=%2Fwp%2Fv2%2Fproduct_tag&post=2467"}],"curies":[{"name":"wp","href":"https:\/\/api.w.org\/{rel}","templated":true}]}}