{"id":2536,"date":"2023-07-07T17:51:35","date_gmt":"2023-07-07T20:51:35","guid":{"rendered":"https:\/\/sh.rasystem.com.br\/?post_type=product&#038;p=2536"},"modified":"2024-10-10T12:49:28","modified_gmt":"2024-10-10T15:49:28","slug":"bala-pacoquita-zero-mastigavel-pacote-50g","status":"publish","type":"product","link":"https:\/\/sh.rasystem.com.br\/?product=bala-pacoquita-zero-mastigavel-pacote-50g","title":{"rendered":"Bala Pa\u00e7oquita Zero Mastig\u00e1vel Pacote 50g"},"content":{"rendered":"<p><strong>PESO EMB. &#8211; L\u00cdQUIDO | NETO: 50g<\/strong><\/p>\n<section id=\"products-tabs\">\n<div id=\"tab-content\" class=\"container\">\n<div class=\"one-column\" data-id=\"characteristics\">\n<p><strong>INGREDIENTES: <\/strong>amendoim, gordura vegetal,\u00a0 sal, agentes de corpo maltitol e isomalte, umectante sorbitol, espessante pectina, emulsificante mono e diglicer\u00eddeos de \u00e1cidos graxos, edulcorante natural glicos\u00eddeos de esteviol e aromatizante.<\/p>\n<p><strong>AL\u00c9RGICOS: CONT\u00c9M AMENDOIM E DERIVADOS E DERIVADOS DE TRIGO E SOJA. PODE CONTER AVEIA, CENTEIO, CEVADA, OVOS, LEITE, AVEL\u00c3, CASTANHA-DE-CAJU, CASTANHA -DO-BRASIL, NOZES, PISTACHES, CASTANEA SSP. CONT\u00c9M GL\u00daTEN.<\/strong><\/p>\n<p><strong>\u00a0<\/strong><\/p>\n<p><strong>Diab\u00e9ticos: cont\u00e9m sacarose, naturalmente presente nas mat\u00e9rias-primas utilizadas. Consumir preferencialmente sob orienta\u00e7\u00e3o de nutricionista ou m\u00e9dico.<\/strong><\/p>\n<p><strong>&#8220;Este produto pode ter efeito laxativo&#8221;<\/strong><\/p>\n<\/div>\n<\/div>\n<\/section>\n","protected":false},"excerpt":{"rendered":"<p>As balas mastig\u00e1veis Pa\u00e7oquita \u00e9 a primeira bala mastig\u00e1vel zero a\u00e7\u00facares do Brasil. Com excelente sabor faz sucesso entre os consumidores que procuram uma alimenta\u00e7\u00e3o livre de a\u00e7\u00facar.<\/p>\n<p>&nbsp;<\/p>\n","protected":false},"featured_media":2537,"comment_status":"open","ping_status":"closed","template":"","meta":{"_acf_changed":false,"site-sidebar-layout":"default","site-content-layout":"default","ast-site-content-layout":"default","site-content-style":"default","site-sidebar-style":"default","ast-global-header-display":"","ast-banner-title-visibility":"","ast-main-header-display":"","ast-hfb-above-header-display":"","ast-hfb-below-header-display":"","ast-hfb-mobile-header-display":"","site-post-title":"","ast-breadcrumbs-content":"","ast-featured-img":"","footer-sml-layout":"","theme-transparent-header-meta":"default","adv-header-id-meta":"","stick-header-meta":"","header-above-stick-meta":"","header-main-stick-meta":"","header-below-stick-meta":"","astra-migrate-meta-layouts":"set","ast-page-background-enabled":"default","ast-page-background-meta":{"desktop":{"background-color":"var(--ast-global-color-4)","background-image":"","background-repeat":"repeat","background-position":"center center","background-size":"auto","background-attachment":"scroll","background-type":"","background-media":"","overlay-type":"","overlay-color":"","overlay-gradient":""},"tablet":{"background-color":"","background-image":"","background-repeat":"repeat","background-position":"center center","background-size":"auto","background-attachment":"scroll","background-type":"","background-media":"","overlay-type":"","overlay-color":"","overlay-gradient":""},"mobile":{"background-color":"","background-image":"","background-repeat":"repeat","background-position":"center center","background-size":"auto","background-attachment":"scroll","background-type":"","background-media":"","overlay-type":"","overlay-color":"","overlay-gradient":""}},"ast-content-background-meta":{"desktop":{"background-color":"var(--ast-global-color-5)","background-image":"","background-repeat":"repeat","background-position":"center center","background-size":"auto","background-attachment":"scroll","background-type":"","background-media":"","overlay-type":"","overlay-color":"","overlay-gradient":""},"tablet":{"background-color":"var(--ast-global-color-5)","background-image":"","background-repeat":"repeat","background-position":"center center","background-size":"auto","background-attachment":"scroll","background-type":"","background-media":"","overlay-type":"","overlay-color":"","overlay-gradient":""},"mobile":{"background-color":"var(--ast-global-color-5)","background-image":"","background-repeat":"repeat","background-position":"center center","background-size":"auto","background-attachment":"scroll","background-type":"","background-media":"","overlay-type":"","overlay-color":"","overlay-gradient":""}}},"product_brand":[],"product_cat":[58],"product_tag":[],"class_list":{"0":"post-2536","1":"product","2":"type-product","3":"status-publish","4":"has-post-thumbnail","6":"product_cat-pacoquita-mastigavel","7":"desktop-align-left","8":"tablet-align-left","9":"mobile-align-left","11":"first","12":"instock","13":"shipping-taxable","14":"product-type-simple"},"acf":[],"_links":{"self":[{"href":"https:\/\/sh.rasystem.com.br\/index.php?rest_route=\/wp\/v2\/product\/2536","targetHints":{"allow":["GET"]}}],"collection":[{"href":"https:\/\/sh.rasystem.com.br\/index.php?rest_route=\/wp\/v2\/product"}],"about":[{"href":"https:\/\/sh.rasystem.com.br\/index.php?rest_route=\/wp\/v2\/types\/product"}],"replies":[{"embeddable":true,"href":"https:\/\/sh.rasystem.com.br\/index.php?rest_route=%2Fwp%2Fv2%2Fcomments&post=2536"}],"wp:featuredmedia":[{"embeddable":true,"href":"https:\/\/sh.rasystem.com.br\/index.php?rest_route=\/wp\/v2\/media\/2537"}],"wp:attachment":[{"href":"https:\/\/sh.rasystem.com.br\/index.php?rest_route=%2Fwp%2Fv2%2Fmedia&parent=2536"}],"wp:term":[{"taxonomy":"product_brand","embeddable":true,"href":"https:\/\/sh.rasystem.com.br\/index.php?rest_route=%2Fwp%2Fv2%2Fproduct_brand&post=2536"},{"taxonomy":"product_cat","embeddable":true,"href":"https:\/\/sh.rasystem.com.br\/index.php?rest_route=%2Fwp%2Fv2%2Fproduct_cat&post=2536"},{"taxonomy":"product_tag","embeddable":true,"href":"https:\/\/sh.rasystem.com.br\/index.php?rest_route=%2Fwp%2Fv2%2Fproduct_tag&post=2536"}],"curies":[{"name":"wp","href":"https:\/\/api.w.org\/{rel}","templated":true}]}}