{"id":2575,"date":"2023-07-08T13:36:20","date_gmt":"2023-07-08T16:36:20","guid":{"rendered":"https:\/\/sh.rasystem.com.br\/?post_type=product&#038;p=2575"},"modified":"2024-10-09T10:41:31","modified_gmt":"2024-10-09T13:41:31","slug":"pe-de-moleque-molecao-15kg","status":"publish","type":"product","link":"https:\/\/sh.rasystem.com.br\/?product=pe-de-moleque-molecao-15kg","title":{"rendered":"P\u00e9 de Moleque Molec\u00e3o 1,5Kg"},"content":{"rendered":"<p><strong>PESO EMB. &#8211; L\u00cdQUIDO | NETO: 1,5Kg<\/strong><\/p>\n<section id=\"products-tabs\">\n<div id=\"tab-content\" class=\"container\">\n<div class=\"one-column\" data-id=\"characteristics\">\n<p><strong>INGREDIENTES:<\/strong> a\u00e7\u00facar, amendoim torrado, xarope de glicose, sal e conservador \u00e1cido s\u00f3rbico.<\/p>\n<p><strong>AL\u00c9RGICOS: CONT\u00c9M AMENDOIM E DERIVADOS DE SOJA. PODE CONTER TRIGO E LEITE. <\/strong><\/p>\n<p><strong>CONT\u00c9M GL\u00daTEN.<\/strong><\/p>\n<div class=\"container\">\n<div id=\"products-details\" class=\"content\">\n<div class=\"other-products\"><\/div>\n<\/div>\n<\/div>\n<\/div>\n<\/div>\n<\/section>\n","protected":false},"excerpt":{"rendered":"<p>Os doces da Santa Helena possuem qualidade inigual\u00e1vel, s\u00e3o tradicionais e lembrados como os mais gostosos do Brasil. S\u00e3o produtos que est\u00e3o presentes na vida dos brasileiros e que n\u00e3o podem faltar na sua mesa.<\/p>\n","protected":false},"featured_media":2577,"comment_status":"open","ping_status":"closed","template":"","meta":{"_acf_changed":false,"site-sidebar-layout":"default","site-content-layout":"default","ast-site-content-layout":"default","site-content-style":"default","site-sidebar-style":"default","ast-global-header-display":"","ast-banner-title-visibility":"","ast-main-header-display":"","ast-hfb-above-header-display":"","ast-hfb-below-header-display":"","ast-hfb-mobile-header-display":"","site-post-title":"","ast-breadcrumbs-content":"","ast-featured-img":"","footer-sml-layout":"","theme-transparent-header-meta":"default","adv-header-id-meta":"","stick-header-meta":"","header-above-stick-meta":"","header-main-stick-meta":"","header-below-stick-meta":"","astra-migrate-meta-layouts":"set","ast-page-background-enabled":"default","ast-page-background-meta":{"desktop":{"background-color":"var(--ast-global-color-4)","background-image":"","background-repeat":"repeat","background-position":"center center","background-size":"auto","background-attachment":"scroll","background-type":"","background-media":"","overlay-type":"","overlay-color":"","overlay-gradient":""},"tablet":{"background-color":"","background-image":"","background-repeat":"repeat","background-position":"center center","background-size":"auto","background-attachment":"scroll","background-type":"","background-media":"","overlay-type":"","overlay-color":"","overlay-gradient":""},"mobile":{"background-color":"","background-image":"","background-repeat":"repeat","background-position":"center center","background-size":"auto","background-attachment":"scroll","background-type":"","background-media":"","overlay-type":"","overlay-color":"","overlay-gradient":""}},"ast-content-background-meta":{"desktop":{"background-color":"var(--ast-global-color-5)","background-image":"","background-repeat":"repeat","background-position":"center center","background-size":"auto","background-attachment":"scroll","background-type":"","background-media":"","overlay-type":"","overlay-color":"","overlay-gradient":""},"tablet":{"background-color":"var(--ast-global-color-5)","background-image":"","background-repeat":"repeat","background-position":"center center","background-size":"auto","background-attachment":"scroll","background-type":"","background-media":"","overlay-type":"","overlay-color":"","overlay-gradient":""},"mobile":{"background-color":"var(--ast-global-color-5)","background-image":"","background-repeat":"repeat","background-position":"center center","background-size":"auto","background-attachment":"scroll","background-type":"","background-media":"","overlay-type":"","overlay-color":"","overlay-gradient":""}}},"product_brand":[],"product_cat":[80],"product_tag":[],"class_list":{"0":"post-2575","1":"product","2":"type-product","3":"status-publish","4":"has-post-thumbnail","6":"product_cat-doces-tradicionais","7":"desktop-align-left","8":"tablet-align-left","9":"mobile-align-left","11":"first","12":"instock","13":"shipping-taxable","14":"product-type-simple"},"acf":[],"_links":{"self":[{"href":"https:\/\/sh.rasystem.com.br\/index.php?rest_route=\/wp\/v2\/product\/2575","targetHints":{"allow":["GET"]}}],"collection":[{"href":"https:\/\/sh.rasystem.com.br\/index.php?rest_route=\/wp\/v2\/product"}],"about":[{"href":"https:\/\/sh.rasystem.com.br\/index.php?rest_route=\/wp\/v2\/types\/product"}],"replies":[{"embeddable":true,"href":"https:\/\/sh.rasystem.com.br\/index.php?rest_route=%2Fwp%2Fv2%2Fcomments&post=2575"}],"wp:featuredmedia":[{"embeddable":true,"href":"https:\/\/sh.rasystem.com.br\/index.php?rest_route=\/wp\/v2\/media\/2577"}],"wp:attachment":[{"href":"https:\/\/sh.rasystem.com.br\/index.php?rest_route=%2Fwp%2Fv2%2Fmedia&parent=2575"}],"wp:term":[{"taxonomy":"product_brand","embeddable":true,"href":"https:\/\/sh.rasystem.com.br\/index.php?rest_route=%2Fwp%2Fv2%2Fproduct_brand&post=2575"},{"taxonomy":"product_cat","embeddable":true,"href":"https:\/\/sh.rasystem.com.br\/index.php?rest_route=%2Fwp%2Fv2%2Fproduct_cat&post=2575"},{"taxonomy":"product_tag","embeddable":true,"href":"https:\/\/sh.rasystem.com.br\/index.php?rest_route=%2Fwp%2Fv2%2Fproduct_tag&post=2575"}],"curies":[{"name":"wp","href":"https:\/\/api.w.org\/{rel}","templated":true}]}}