{"id":4086,"date":"2024-07-08T11:26:48","date_gmt":"2024-07-08T14:26:48","guid":{"rendered":"https:\/\/sh.rasystem.com.br\/?post_type=product&#038;p=4086"},"modified":"2024-10-10T13:42:27","modified_gmt":"2024-10-10T16:42:27","slug":"sabor-mostaza-y-miel-110-g","status":"publish","type":"product","link":"https:\/\/sh.rasystem.com.br\/?product=sabor-mostaza-y-miel-110-g&lang=es","title":{"rendered":"Sabor Mostaza y Miel 110 g"},"content":{"rendered":"<p class=\"p1\"><b>PESO DEL PAQUETE \u2013 NETO: 110 g<\/b><\/p>\n<p class=\"p1\"><b>INGREDIENTES:<\/b>\u00a0man\u00ed sin c\u00e1scara, grasa vegetal y sal.<\/p>\n<p class=\"p1\"><b>AL\u00c9RGICOS: CONTIENE MAN\u00cd. PUEDE CONTENER TRIGO, HUEVO, SOJA, LECHE, ALMENDRAS, ANACARDOS Y NUECES DE BRASIL.\u00a0CONTIENE GLUTEN<\/b>.<\/p>\n<p class=\"p1\">Producto exento de registro sanitario, seg\u00fan resoluci\u00f3n RDC n\u00ba 27\/2010 ANVISA.<\/p>\n","protected":false},"excerpt":{"rendered":"<p>Am\u00edndus es el man\u00ed sin piel, tostado y 100% natural que atrae a los paladares m\u00e1s exigentes. En las opciones Salado, Bacon, Cebolla, Chile con Lim\u00f3n, Mostaza y Miel y Sin Sal, se produce con granos altamente seleccionados. Am\u00edndus tiene sabor y calidad que garantizan refinamiento y diferencial a tu fiesta.<\/p>\n","protected":false},"featured_media":4087,"comment_status":"open","ping_status":"closed","template":"","meta":{"_acf_changed":false,"site-sidebar-layout":"default","site-content-layout":"default","ast-site-content-layout":"default","site-content-style":"default","site-sidebar-style":"default","ast-global-header-display":"","ast-banner-title-visibility":"","ast-main-header-display":"","ast-hfb-above-header-display":"","ast-hfb-below-header-display":"","ast-hfb-mobile-header-display":"","site-post-title":"","ast-breadcrumbs-content":"","ast-featured-img":"","footer-sml-layout":"","theme-transparent-header-meta":"default","adv-header-id-meta":"","stick-header-meta":"","header-above-stick-meta":"","header-main-stick-meta":"","header-below-stick-meta":"","astra-migrate-meta-layouts":"set","ast-page-background-enabled":"default","ast-page-background-meta":{"desktop":{"background-color":"var(--ast-global-color-4)","background-image":"","background-repeat":"repeat","background-position":"center center","background-size":"auto","background-attachment":"scroll","background-type":"","background-media":"","overlay-type":"","overlay-color":"","overlay-gradient":""},"tablet":{"background-color":"","background-image":"","background-repeat":"repeat","background-position":"center center","background-size":"auto","background-attachment":"scroll","background-type":"","background-media":"","overlay-type":"","overlay-color":"","overlay-gradient":""},"mobile":{"background-color":"","background-image":"","background-repeat":"repeat","background-position":"center center","background-size":"auto","background-attachment":"scroll","background-type":"","background-media":"","overlay-type":"","overlay-color":"","overlay-gradient":""}},"ast-content-background-meta":{"desktop":{"background-color":"var(--ast-global-color-5)","background-image":"","background-repeat":"repeat","background-position":"center center","background-size":"auto","background-attachment":"scroll","background-type":"","background-media":"","overlay-type":"","overlay-color":"","overlay-gradient":""},"tablet":{"background-color":"var(--ast-global-color-5)","background-image":"","background-repeat":"repeat","background-position":"center center","background-size":"auto","background-attachment":"scroll","background-type":"","background-media":"","overlay-type":"","overlay-color":"","overlay-gradient":""},"mobile":{"background-color":"var(--ast-global-color-5)","background-image":"","background-repeat":"repeat","background-position":"center center","background-size":"auto","background-attachment":"scroll","background-type":"","background-media":"","overlay-type":"","overlay-color":"","overlay-gradient":""}}},"product_brand":[],"product_cat":[364],"product_tag":[],"class_list":{"0":"post-4086","1":"product","2":"type-product","3":"status-publish","4":"has-post-thumbnail","6":"product_cat-amindus-sabores-es","7":"desktop-align-left","8":"tablet-align-left","9":"mobile-align-left","11":"first","12":"instock","13":"shipping-taxable","14":"product-type-simple"},"acf":[],"_links":{"self":[{"href":"https:\/\/sh.rasystem.com.br\/index.php?rest_route=\/wp\/v2\/product\/4086","targetHints":{"allow":["GET"]}}],"collection":[{"href":"https:\/\/sh.rasystem.com.br\/index.php?rest_route=\/wp\/v2\/product"}],"about":[{"href":"https:\/\/sh.rasystem.com.br\/index.php?rest_route=\/wp\/v2\/types\/product"}],"replies":[{"embeddable":true,"href":"https:\/\/sh.rasystem.com.br\/index.php?rest_route=%2Fwp%2Fv2%2Fcomments&post=4086"}],"wp:featuredmedia":[{"embeddable":true,"href":"https:\/\/sh.rasystem.com.br\/index.php?rest_route=\/wp\/v2\/media\/4087"}],"wp:attachment":[{"href":"https:\/\/sh.rasystem.com.br\/index.php?rest_route=%2Fwp%2Fv2%2Fmedia&parent=4086"}],"wp:term":[{"taxonomy":"product_brand","embeddable":true,"href":"https:\/\/sh.rasystem.com.br\/index.php?rest_route=%2Fwp%2Fv2%2Fproduct_brand&post=4086"},{"taxonomy":"product_cat","embeddable":true,"href":"https:\/\/sh.rasystem.com.br\/index.php?rest_route=%2Fwp%2Fv2%2Fproduct_cat&post=4086"},{"taxonomy":"product_tag","embeddable":true,"href":"https:\/\/sh.rasystem.com.br\/index.php?rest_route=%2Fwp%2Fv2%2Fproduct_tag&post=4086"}],"curies":[{"name":"wp","href":"https:\/\/api.w.org\/{rel}","templated":true}]}}