{"id":4150,"date":"2024-07-08T12:32:14","date_gmt":"2024-07-08T15:32:14","guid":{"rendered":"https:\/\/sh.rasystem.com.br\/?post_type=product&#038;p=4150"},"modified":"2024-10-28T08:01:25","modified_gmt":"2024-10-28T11:01:25","slug":"sabor-chile-90-g","status":"publish","type":"product","link":"https:\/\/sh.rasystem.com.br\/?product=sabor-chile-90-g&lang=es","title":{"rendered":"Sabor Chile 90 g"},"content":{"rendered":"<p class=\"p1\"><b>PESO DEL PAQUETE \u2013 NETO: 90 g<\/b><\/p>\n<p class=\"p1\"><b>INGREDIENTES:<\/b>\u00a0man\u00ed, almid\u00f3n de ma\u00edz modificado, harina de trigo fortificada con hierro y \u00e1cido f\u00f3lico, az\u00facar, sabor id\u00e9ntico al pollo natural, grasa vegetal, sal, colorante natural de achiote, almid\u00f3n de ma\u00edz, bicarbonato de sodio de levadura qu\u00edmica y potenciador de sabor de glutamato monos\u00f3dico.<\/p>\n<p class=\"p1\"><b>AL\u00c9RGICOS: MAN\u00cd Y DERIVADOS DE SOJA Y TRIGO. PUEDE CONTENER AVENA, CENTENO, CEBADA Y LECHE. CONTIENE GLUTEN. <\/b><\/p>\n<p class=\"p1\">Producto exento de registro sanitario, seg\u00fan Resoluci\u00f3n RDC N\u00b0 27\/2010 ANVISA.<\/p>\n","protected":false},"excerpt":{"rendered":"<p class=\"p1\">Crok\u00edssimo es el aut\u00e9ntico man\u00ed crujiente con una deliciosa cobertura y en 5 sabores. Es el aperitivo perfecto para tu fiesta o para el momento en que llegues a ese hambre. Cuando llegue el momento de animar a tu equipo, llama a los chicos y celebra con Crok\u00edssimo.<\/p>\n","protected":false},"featured_media":5106,"comment_status":"open","ping_status":"closed","template":"","meta":{"_acf_changed":false,"site-sidebar-layout":"default","site-content-layout":"default","ast-site-content-layout":"default","site-content-style":"default","site-sidebar-style":"default","ast-global-header-display":"","ast-banner-title-visibility":"","ast-main-header-display":"","ast-hfb-above-header-display":"","ast-hfb-below-header-display":"","ast-hfb-mobile-header-display":"","site-post-title":"","ast-breadcrumbs-content":"","ast-featured-img":"","footer-sml-layout":"","theme-transparent-header-meta":"default","adv-header-id-meta":"","stick-header-meta":"","header-above-stick-meta":"","header-main-stick-meta":"","header-below-stick-meta":"","astra-migrate-meta-layouts":"set","ast-page-background-enabled":"default","ast-page-background-meta":{"desktop":{"background-color":"var(--ast-global-color-4)","background-image":"","background-repeat":"repeat","background-position":"center center","background-size":"auto","background-attachment":"scroll","background-type":"","background-media":"","overlay-type":"","overlay-color":"","overlay-gradient":""},"tablet":{"background-color":"","background-image":"","background-repeat":"repeat","background-position":"center center","background-size":"auto","background-attachment":"scroll","background-type":"","background-media":"","overlay-type":"","overlay-color":"","overlay-gradient":""},"mobile":{"background-color":"","background-image":"","background-repeat":"repeat","background-position":"center center","background-size":"auto","background-attachment":"scroll","background-type":"","background-media":"","overlay-type":"","overlay-color":"","overlay-gradient":""}},"ast-content-background-meta":{"desktop":{"background-color":"var(--ast-global-color-5)","background-image":"","background-repeat":"repeat","background-position":"center center","background-size":"auto","background-attachment":"scroll","background-type":"","background-media":"","overlay-type":"","overlay-color":"","overlay-gradient":""},"tablet":{"background-color":"var(--ast-global-color-5)","background-image":"","background-repeat":"repeat","background-position":"center center","background-size":"auto","background-attachment":"scroll","background-type":"","background-media":"","overlay-type":"","overlay-color":"","overlay-gradient":""},"mobile":{"background-color":"var(--ast-global-color-5)","background-image":"","background-repeat":"repeat","background-position":"center center","background-size":"auto","background-attachment":"scroll","background-type":"","background-media":"","overlay-type":"","overlay-color":"","overlay-gradient":""}}},"product_brand":[],"product_cat":[432],"product_tag":[],"class_list":{"0":"post-4150","1":"product","2":"type-product","3":"status-publish","4":"has-post-thumbnail","6":"product_cat-crokissimo-chile-suave","7":"desktop-align-left","8":"tablet-align-left","9":"mobile-align-left","11":"first","12":"instock","13":"shipping-taxable","14":"product-type-simple"},"acf":[],"_links":{"self":[{"href":"https:\/\/sh.rasystem.com.br\/index.php?rest_route=\/wp\/v2\/product\/4150","targetHints":{"allow":["GET"]}}],"collection":[{"href":"https:\/\/sh.rasystem.com.br\/index.php?rest_route=\/wp\/v2\/product"}],"about":[{"href":"https:\/\/sh.rasystem.com.br\/index.php?rest_route=\/wp\/v2\/types\/product"}],"replies":[{"embeddable":true,"href":"https:\/\/sh.rasystem.com.br\/index.php?rest_route=%2Fwp%2Fv2%2Fcomments&post=4150"}],"wp:featuredmedia":[{"embeddable":true,"href":"https:\/\/sh.rasystem.com.br\/index.php?rest_route=\/wp\/v2\/media\/5106"}],"wp:attachment":[{"href":"https:\/\/sh.rasystem.com.br\/index.php?rest_route=%2Fwp%2Fv2%2Fmedia&parent=4150"}],"wp:term":[{"taxonomy":"product_brand","embeddable":true,"href":"https:\/\/sh.rasystem.com.br\/index.php?rest_route=%2Fwp%2Fv2%2Fproduct_brand&post=4150"},{"taxonomy":"product_cat","embeddable":true,"href":"https:\/\/sh.rasystem.com.br\/index.php?rest_route=%2Fwp%2Fv2%2Fproduct_cat&post=4150"},{"taxonomy":"product_tag","embeddable":true,"href":"https:\/\/sh.rasystem.com.br\/index.php?rest_route=%2Fwp%2Fv2%2Fproduct_tag&post=4150"}],"curies":[{"name":"wp","href":"https:\/\/api.w.org\/{rel}","templated":true}]}}