{"id":4330,"date":"2024-07-09T09:09:59","date_gmt":"2024-07-09T12:09:59","guid":{"rendered":"https:\/\/sh.rasystem.com.br\/?post_type=product&#038;p=4330"},"modified":"2024-10-10T13:21:00","modified_gmt":"2024-10-10T16:21:00","slug":"pacoquita-chocoberta-144g-3","status":"publish","type":"product","link":"https:\/\/sh.rasystem.com.br\/?product=pacoquita-chocoberta-144g-3&lang=es","title":{"rendered":"Pa\u00e7oquita Chocoberta 144g"},"content":{"rendered":"<p class=\"p1\"><b>PESO DEL PAQUETE \u2013 NETO | NETO: 144 g<\/b><\/p>\n<p class=\"p2\"><b>INGREDIENTES:<\/b> man\u00ed tostados y molidos, cobertura con sabor a chocolate (az\u00facar, grasa vegetal, cacao en polvo, leche en polvo, emulsionantes: lecitina de soja y polirricinoleato de poliglicerol, saborizante), az\u00facar y sal.<\/p>\n<p class=\"p2\"><b>AL\u00c9RGICO: <\/b>CONTIENE MAN\u00cd, DERIVADOS DE LA SOJA Y DERIVADOS DE LA LECHE. CONTIENE LACTOSA. SIN GLUTEN.<\/p>\n<p class=\"p2\">Producto exento de registro sanitario, seg\u00fan resoluci\u00f3n RDC n\u00ba 27\/2010 ANVISA.<\/p>\n","protected":false},"excerpt":{"rendered":"<p class=\"p1\">Dos pasiones en un solo producto. Es la nueva Pa\u00e7oquita Cubierta de Chocolate de Santa Helena que llega desperdiciando toda su delicia. Cada bocado es una alegr\u00eda. Adem\u00e1s del irresistible recubrimiento de chocolate, la tradicional pa\u00e7oquita del relleno garantiza esa famosa sensaci\u00f3n de querer cada vez m\u00e1s.Si a\u00fan no lo has probado, merece la pena devorar esta novedad.<\/p>\n","protected":false},"featured_media":4331,"comment_status":"open","ping_status":"closed","template":"","meta":{"_acf_changed":false,"site-sidebar-layout":"default","site-content-layout":"default","ast-site-content-layout":"default","site-content-style":"default","site-sidebar-style":"default","ast-global-header-display":"","ast-banner-title-visibility":"","ast-main-header-display":"","ast-hfb-above-header-display":"","ast-hfb-below-header-display":"","ast-hfb-mobile-header-display":"","site-post-title":"","ast-breadcrumbs-content":"","ast-featured-img":"","footer-sml-layout":"","theme-transparent-header-meta":"default","adv-header-id-meta":"","stick-header-meta":"","header-above-stick-meta":"","header-main-stick-meta":"","header-below-stick-meta":"","astra-migrate-meta-layouts":"set","ast-page-background-enabled":"default","ast-page-background-meta":{"desktop":{"background-color":"var(--ast-global-color-4)","background-image":"","background-repeat":"repeat","background-position":"center center","background-size":"auto","background-attachment":"scroll","background-type":"","background-media":"","overlay-type":"","overlay-color":"","overlay-gradient":""},"tablet":{"background-color":"","background-image":"","background-repeat":"repeat","background-position":"center center","background-size":"auto","background-attachment":"scroll","background-type":"","background-media":"","overlay-type":"","overlay-color":"","overlay-gradient":""},"mobile":{"background-color":"","background-image":"","background-repeat":"repeat","background-position":"center center","background-size":"auto","background-attachment":"scroll","background-type":"","background-media":"","overlay-type":"","overlay-color":"","overlay-gradient":""}},"ast-content-background-meta":{"desktop":{"background-color":"var(--ast-global-color-5)","background-image":"","background-repeat":"repeat","background-position":"center center","background-size":"auto","background-attachment":"scroll","background-type":"","background-media":"","overlay-type":"","overlay-color":"","overlay-gradient":""},"tablet":{"background-color":"var(--ast-global-color-5)","background-image":"","background-repeat":"repeat","background-position":"center center","background-size":"auto","background-attachment":"scroll","background-type":"","background-media":"","overlay-type":"","overlay-color":"","overlay-gradient":""},"mobile":{"background-color":"var(--ast-global-color-5)","background-image":"","background-repeat":"repeat","background-position":"center center","background-size":"auto","background-attachment":"scroll","background-type":"","background-media":"","overlay-type":"","overlay-color":"","overlay-gradient":""}}},"product_brand":[],"product_cat":[586],"product_tag":[],"class_list":{"0":"post-4330","1":"product","2":"type-product","3":"status-publish","4":"has-post-thumbnail","6":"product_cat-chocoberta-es","7":"desktop-align-left","8":"tablet-align-left","9":"mobile-align-left","11":"first","12":"instock","13":"shipping-taxable","14":"product-type-simple"},"acf":[],"_links":{"self":[{"href":"https:\/\/sh.rasystem.com.br\/index.php?rest_route=\/wp\/v2\/product\/4330","targetHints":{"allow":["GET"]}}],"collection":[{"href":"https:\/\/sh.rasystem.com.br\/index.php?rest_route=\/wp\/v2\/product"}],"about":[{"href":"https:\/\/sh.rasystem.com.br\/index.php?rest_route=\/wp\/v2\/types\/product"}],"replies":[{"embeddable":true,"href":"https:\/\/sh.rasystem.com.br\/index.php?rest_route=%2Fwp%2Fv2%2Fcomments&post=4330"}],"wp:featuredmedia":[{"embeddable":true,"href":"https:\/\/sh.rasystem.com.br\/index.php?rest_route=\/wp\/v2\/media\/4331"}],"wp:attachment":[{"href":"https:\/\/sh.rasystem.com.br\/index.php?rest_route=%2Fwp%2Fv2%2Fmedia&parent=4330"}],"wp:term":[{"taxonomy":"product_brand","embeddable":true,"href":"https:\/\/sh.rasystem.com.br\/index.php?rest_route=%2Fwp%2Fv2%2Fproduct_brand&post=4330"},{"taxonomy":"product_cat","embeddable":true,"href":"https:\/\/sh.rasystem.com.br\/index.php?rest_route=%2Fwp%2Fv2%2Fproduct_cat&post=4330"},{"taxonomy":"product_tag","embeddable":true,"href":"https:\/\/sh.rasystem.com.br\/index.php?rest_route=%2Fwp%2Fv2%2Fproduct_tag&post=4330"}],"curies":[{"name":"wp","href":"https:\/\/api.w.org\/{rel}","templated":true}]}}