{"id":5074,"date":"2024-10-28T07:20:35","date_gmt":"2024-10-28T10:20:35","guid":{"rendered":"https:\/\/sh.rasystem.com.br\/?post_type=product&#038;p=5074"},"modified":"2024-10-28T11:03:38","modified_gmt":"2024-10-28T14:03:38","slug":"bebida-lactea-chocolate-pacoquita-200ml","status":"publish","type":"product","link":"https:\/\/sh.rasystem.com.br\/?product=bebida-lactea-chocolate-pacoquita-200ml","title":{"rendered":"Bebida L\u00e1ctea Chocolate Pa\u00e7oquita  200ml"},"content":{"rendered":"<p><strong>PESO EMB. &#8211; L\u00cdQUIDO | NETO: 200ml<\/strong><\/p>\n<section id=\"products-tabs\">\n<div id=\"tab-content\" class=\"container\">\n<div class=\"one-column\" data-id=\"characteristics\">\n<p class=\"p1\"><b>INGREDIENTES: <\/b>soro de leite l\u00edquido e\/ou soro de leite reconstitu\u00eddo, leite em p\u00f3 integral reconstitu\u00eddo, pasta de amendoim integral, cacau em p\u00f3, amido modificado, sal, espessantes carboximetilcelulose, goma xantana e goma guar, estabilizantes goma gelana, carragena, fosfato triss\u00f3dico, hidrogenofosfato de di-s\u00f3dio e citrato triss\u00f3dico, edulcorantes ciclamato de s\u00f3dio, sacarina s\u00f3dica e acessulfame-k e aromatizante.<\/p>\n<p class=\"p1\"><b>AL\u00c9RGICOS: CONT\u00c9M DERIVADOS DE LEITE E AMENDOIM. PODE CONTER SOJA E AVEIA. CONT\u00c9M LACTOSE. CONT\u00c9M GL\u00daTEN.<\/b><\/p>\n<p class=\"p1\"><b>BEBIDA L\u00c1CTEA N\u00c3O \u00c9 IOGURTE.<\/b><\/p>\n<p class=\"p3\"><b>CONT\u00c9M SORO DE LEITE.<\/b><\/p>\n<\/div>\n<\/div>\n<\/section>\n","protected":false},"excerpt":{"rendered":"<p>PESO EMB. &#8211; L\u00cdQUIDO | NETO: 200ml INGREDIENTES: soro de leite l\u00edquido e\/ou soro de leite reconstitu\u00eddo, leite em p\u00f3 integral reconstitu\u00eddo, pasta de amendoim integral, cacau em p\u00f3, amido modificado, sal, espessantes carboximetilcelulose, goma xantana e goma guar, estabilizantes goma gelana, carragena, fosfato triss\u00f3dico, hidrogenofosfato de di-s\u00f3dio e citrato triss\u00f3dico, edulcorantes ciclamato de s\u00f3dio, [&hellip;]<\/p>\n","protected":false},"featured_media":5077,"comment_status":"open","ping_status":"closed","template":"","meta":{"_acf_changed":false,"site-sidebar-layout":"default","site-content-layout":"default","ast-site-content-layout":"default","site-content-style":"default","site-sidebar-style":"default","ast-global-header-display":"","ast-banner-title-visibility":"","ast-main-header-display":"","ast-hfb-above-header-display":"","ast-hfb-below-header-display":"","ast-hfb-mobile-header-display":"","site-post-title":"","ast-breadcrumbs-content":"","ast-featured-img":"","footer-sml-layout":"","theme-transparent-header-meta":"default","adv-header-id-meta":"","stick-header-meta":"","header-above-stick-meta":"","header-main-stick-meta":"","header-below-stick-meta":"","astra-migrate-meta-layouts":"set","ast-page-background-enabled":"default","ast-page-background-meta":{"desktop":{"background-color":"var(--ast-global-color-4)","background-image":"","background-repeat":"repeat","background-position":"center center","background-size":"auto","background-attachment":"scroll","background-type":"","background-media":"","overlay-type":"","overlay-color":"","overlay-gradient":""},"tablet":{"background-color":"","background-image":"","background-repeat":"repeat","background-position":"center center","background-size":"auto","background-attachment":"scroll","background-type":"","background-media":"","overlay-type":"","overlay-color":"","overlay-gradient":""},"mobile":{"background-color":"","background-image":"","background-repeat":"repeat","background-position":"center center","background-size":"auto","background-attachment":"scroll","background-type":"","background-media":"","overlay-type":"","overlay-color":"","overlay-gradient":""}},"ast-content-background-meta":{"desktop":{"background-color":"var(--ast-global-color-5)","background-image":"","background-repeat":"repeat","background-position":"center center","background-size":"auto","background-attachment":"scroll","background-type":"","background-media":"","overlay-type":"","overlay-color":"","overlay-gradient":""},"tablet":{"background-color":"var(--ast-global-color-5)","background-image":"","background-repeat":"repeat","background-position":"center center","background-size":"auto","background-attachment":"scroll","background-type":"","background-media":"","overlay-type":"","overlay-color":"","overlay-gradient":""},"mobile":{"background-color":"var(--ast-global-color-5)","background-image":"","background-repeat":"repeat","background-position":"center center","background-size":"auto","background-attachment":"scroll","background-type":"","background-media":"","overlay-type":"","overlay-color":"","overlay-gradient":""}}},"product_brand":[],"product_cat":[668],"product_tag":[709],"class_list":{"0":"post-5074","1":"product","2":"type-product","3":"status-publish","4":"has-post-thumbnail","6":"product_cat-bebida-lactea-pt","7":"product_tag-liquido","8":"desktop-align-left","9":"tablet-align-left","10":"mobile-align-left","12":"first","13":"instock","14":"shipping-taxable","15":"product-type-simple"},"acf":[],"_links":{"self":[{"href":"https:\/\/sh.rasystem.com.br\/index.php?rest_route=\/wp\/v2\/product\/5074","targetHints":{"allow":["GET"]}}],"collection":[{"href":"https:\/\/sh.rasystem.com.br\/index.php?rest_route=\/wp\/v2\/product"}],"about":[{"href":"https:\/\/sh.rasystem.com.br\/index.php?rest_route=\/wp\/v2\/types\/product"}],"replies":[{"embeddable":true,"href":"https:\/\/sh.rasystem.com.br\/index.php?rest_route=%2Fwp%2Fv2%2Fcomments&post=5074"}],"wp:featuredmedia":[{"embeddable":true,"href":"https:\/\/sh.rasystem.com.br\/index.php?rest_route=\/wp\/v2\/media\/5077"}],"wp:attachment":[{"href":"https:\/\/sh.rasystem.com.br\/index.php?rest_route=%2Fwp%2Fv2%2Fmedia&parent=5074"}],"wp:term":[{"taxonomy":"product_brand","embeddable":true,"href":"https:\/\/sh.rasystem.com.br\/index.php?rest_route=%2Fwp%2Fv2%2Fproduct_brand&post=5074"},{"taxonomy":"product_cat","embeddable":true,"href":"https:\/\/sh.rasystem.com.br\/index.php?rest_route=%2Fwp%2Fv2%2Fproduct_cat&post=5074"},{"taxonomy":"product_tag","embeddable":true,"href":"https:\/\/sh.rasystem.com.br\/index.php?rest_route=%2Fwp%2Fv2%2Fproduct_tag&post=5074"}],"curies":[{"name":"wp","href":"https:\/\/api.w.org\/{rel}","templated":true}]}}